{"id":19,"date":"2014-02-17T22:13:02","date_gmt":"2014-02-17T22:13:02","guid":{"rendered":"http:\/\/farosinternational.com\/?page_id=19"},"modified":"2014-02-18T11:56:41","modified_gmt":"2014-02-18T16:56:41","slug":"quienes-somos","status":"publish","type":"page","link":"https:\/\/farosinternational.com\/?page_id=19","title":{"rendered":"Quienes Somos"},"content":{"rendered":"<p><img loading=\"lazy\" alt=\"QuienesSomos\" src=\"http:\/\/farosinternational.com\/wp-content\/uploads\/2014\/02\/QuienesSomos.jpg\" width=\"400\" height=\"300\" \/><\/p>\n<p style=\"text-align: justify;\"><span style=\"font-family: helvetica; font-size: medium;\">Trabajamos para usted desde 1982. Nuestra casa matriz se encuentra en Miami, Florida. \u00a0\u00a0Nuestra especialidad en transporte mar\u00edtimo, a\u00e9reo y terrestre de todo tipo carga y todo tipo de negocio, as\u00ed como proyectos industriales y equipos de negocios, complementan nuestro mercado de carga general.<\/span><\/p>\n<p style=\"text-align: justify;\"><span style=\"font-family: helvetica; font-size: medium;\"><b>Faros International<\/b>\u00a0est\u00e1 comprometido a brindar servicios integrales de log\u00edstica terrestre, mar\u00edtima y aerea, a trav\u00e9s de soluciones innovadoras en el movimiento de la carga que nos es confiada por nuestros clientes, con altos est\u00e1ndares de calidad, eficiencia y rentabilidad.<\/span><\/p>\n<p style=\"text-align: justify;\"><span style=\"font-family: helvetica; font-size: medium;\"><b>Faros International<\/b>\u00a0busca ser un l\u00edder en la administraci\u00f3n de log\u00edstica mar\u00edtima, aerea y terrestre integrada, a trav\u00e9s de redes de servicio de entrega apropiadas, guiados por los est\u00e1ndares de la \u00e9tica y el profesionalismo de nuestro talento humano, el respeto por el medio ambiente y con responsabilidad social.<\/span><\/p>\n","protected":false},"excerpt":{"rendered":"<p>Trabajamos para usted desde 1982. Nuestra casa matriz se encuentra en Miami, Florida. \u00a0\u00a0Nuestra especialidad en transporte mar\u00edtimo, a\u00e9reo y terrestre de todo tipo carga y todo tipo de negocio, as\u00ed como proyectos industriales y equipos de negocios, complementan nuestro mercado de carga general. Faros International\u00a0est\u00e1 comprometido a brindar servicios \u2026 <a class=\"continue-reading-link\" href=\"https:\/\/farosinternational.com\/?page_id=19\"> Continue reading<\/a><\/p>\n","protected":false},"author":1,"featured_media":0,"parent":0,"menu_order":0,"comment_status":"closed","ping_status":"closed","template":"templates\/template-onecolumn.php","meta":[],"_links":{"self":[{"href":"https:\/\/farosinternational.com\/index.php?rest_route=\/wp\/v2\/pages\/19"}],"collection":[{"href":"https:\/\/farosinternational.com\/index.php?rest_route=\/wp\/v2\/pages"}],"about":[{"href":"https:\/\/farosinternational.com\/index.php?rest_route=\/wp\/v2\/types\/page"}],"author":[{"embeddable":true,"href":"https:\/\/farosinternational.com\/index.php?rest_route=\/wp\/v2\/users\/1"}],"replies":[{"embeddable":true,"href":"https:\/\/farosinternational.com\/index.php?rest_route=%2Fwp%2Fv2%2Fcomments&post=19"}],"version-history":[{"count":6,"href":"https:\/\/farosinternational.com\/index.php?rest_route=\/wp\/v2\/pages\/19\/revisions"}],"predecessor-version":[{"id":115,"href":"https:\/\/farosinternational.com\/index.php?rest_route=\/wp\/v2\/pages\/19\/revisions\/115"}],"wp:attachment":[{"href":"https:\/\/farosinternational.com\/index.php?rest_route=%2Fwp%2Fv2%2Fmedia&parent=19"}],"curies":[{"name":"wp","href":"https:\/\/api.w.org\/{rel}","templated":true}]}}